{"id":208,"date":"2016-01-02T19:33:44","date_gmt":"2016-01-02T18:33:44","guid":{"rendered":"http:\/\/du-bois-aux-instruments.fr\/blog\/?page_id=208"},"modified":"2016-01-02T19:33:44","modified_gmt":"2016-01-02T18:33:44","slug":"mon-autre-blog-sur-lautoconstruction","status":"publish","type":"page","link":"https:\/\/www.monvel.fr\/blog\/mon-autre-blog-sur-lautoconstruction\/","title":{"rendered":"mon autre blog sur l&rsquo;autoconstruction"},"content":{"rendered":"<p>si les maisons auto construite et qui plus est, en paille et un tant soit peu \u00e9cologique, vous int\u00e9ressent, je ne peux que vous conseiller d&rsquo;aller <a href=\"http:\/\/autoconstruction-ecologique.fr\/\">jeter un coup d\u2019\u0153il ici.<\/a><\/p>\n<p>vous y trouverez le r\u00e9cit de 8 ans de chantier qui a quasiment occup\u00e9 tout mon temps et qui m&rsquo;a malheureusement \u00e9loign\u00e9 de la lutherie.<\/p>\n<p>mais, bon, j&rsquo;y ai gagn\u00e9 une maison, tout comme on voulait et un bel atelier d\u00e9di\u00e9 a lutherie. finalement un bon plan !<\/p>\n<p>&nbsp;<\/p>\n","protected":false},"excerpt":{"rendered":"<p>si les maisons auto construite et qui plus est, en paille et un tant soit peu \u00e9cologique, vous int\u00e9ressent, je&hellip;<\/p>\n","protected":false},"author":1,"featured_media":211,"parent":0,"menu_order":0,"comment_status":"closed","ping_status":"closed","template":"","meta":{"footnotes":""},"class_list":["post-208","page","type-page","status-publish","has-post-thumbnail","hentry"],"aioseo_notices":[],"post_mailing_queue_ids":[],"_links":{"self":[{"href":"https:\/\/www.monvel.fr\/blog\/wp-json\/wp\/v2\/pages\/208","targetHints":{"allow":["GET"]}}],"collection":[{"href":"https:\/\/www.monvel.fr\/blog\/wp-json\/wp\/v2\/pages"}],"about":[{"href":"https:\/\/www.monvel.fr\/blog\/wp-json\/wp\/v2\/types\/page"}],"author":[{"embeddable":true,"href":"https:\/\/www.monvel.fr\/blog\/wp-json\/wp\/v2\/users\/1"}],"replies":[{"embeddable":true,"href":"https:\/\/www.monvel.fr\/blog\/wp-json\/wp\/v2\/comments?post=208"}],"version-history":[{"count":0,"href":"https:\/\/www.monvel.fr\/blog\/wp-json\/wp\/v2\/pages\/208\/revisions"}],"wp:featuredmedia":[{"embeddable":true,"href":"https:\/\/www.monvel.fr\/blog\/wp-json\/wp\/v2\/media\/211"}],"wp:attachment":[{"href":"https:\/\/www.monvel.fr\/blog\/wp-json\/wp\/v2\/media?parent=208"}],"curies":[{"name":"wp","href":"https:\/\/api.w.org\/{rel}","templated":true}]}}