{"id":213,"date":"2016-01-03T11:46:24","date_gmt":"2016-01-03T10:46:24","guid":{"rendered":"http:\/\/du-bois-aux-instruments.fr\/blog\/?page_id=213"},"modified":"2016-03-14T17:24:08","modified_gmt":"2016-03-14T16:24:08","slug":"une-page-de-liens-dedie-a-la-lutherie","status":"publish","type":"page","link":"https:\/\/www.monvel.fr\/blog\/une-page-de-liens-dedie-a-la-lutherie\/","title":{"rendered":"Une page de liens d\u00e9di\u00e9 a la lutherie"},"content":{"rendered":"<p>sur cette page, je vais essayer de mettre pas mal de liens sur le sujet qui nous int\u00e9resse.<\/p>\n<p>les forums, blog, site web de luthier etc&#8230;<\/p>\n<p><em>Derni\u00e8re mise a jour : 14 mars 2016<\/em><\/p>\n<p><em><strong>les forums:<\/strong><\/em><\/p>\n<p><a href=\"http:\/\/www.forum-lutherie.org\/template.php?pid=main.php\">les tontons luthiers<\/a>. le seul et unique, par son ambiance, son originalit\u00e9 et parce que l&rsquo;essentiel des participants r\u00e9gulier sont devenu des copains dans la vrai vie.<\/p>\n<p><a href=\"http:\/\/www.benoit-de-bretagne.com\/forum\/\">forum de Benoit de bretagne<\/a>: un forum tr\u00e8s actif et bien sympa.<\/p>\n<p><strong><em>les luthiers fran\u00e7ais:<\/em><\/strong><\/p>\n<ul>\n<li><a href=\"http:\/\/www.cherubin-luthier.fr\/\">Franck Cherubin.<\/a> un copain des tontons luthiers. si tu cherche un vrai fucking luthier, c&rsquo;est lui qu&rsquo;il faut aller voir. le gars est vrai sympa, comp\u00e9tent comme c&rsquo;est pas possible ( une encyclop\u00e9die sur patte, sur les bois de lutherie ) et vraiment ouvert aux autres. puis <a href=\"http:\/\/www.cherubin-luthier.fr\/fabrication\">ces instruments sont d&rsquo;une classe folle<\/a>, \u00e9l\u00e9gant, simple, tiptop, quoi !<\/li>\n<li><a href=\"http:\/\/www.grellier.fr\/index.php\">Christophe Grellier<\/a>. ou le roi de l&rsquo;archtop jazz. <a href=\"http:\/\/www.grellier.fr\/guitar.php?lang=fr&amp;id=56\">sa cozmik jazz<\/a> est une des plus belle que je connaisse.<\/li>\n<li><a href=\"http:\/\/guitar-hospital.com\/\">Guitar hospital<\/a>, le site de wolfgang. encore un copain du forum des tontons. Pour les r\u00e9parations de vos instruments, c&rsquo;est la qu&rsquo;il faut aller. le gars touche aussi carr\u00e9ment sa bille <a href=\"http:\/\/guitar-hospital.com\/?page_id=166\">en fabrication d&rsquo;instru.<\/a><\/li>\n<li><a href=\"http:\/\/www.benoit-de-bretagne.com\/\">Benoit de bretagne<\/a>. des acoustiques de toutes beaut\u00e9e. et en plus il fait <a href=\"http:\/\/www.benoit-de-bretagne.com\/?page_id=639\">dans le uke<\/a>, donc&#8230; \ud83d\ude09 il anime aussi un<a href=\"http:\/\/www.benoit-de-bretagne.com\/forum\/\"> forum sur la lutherie tr\u00e8s actif<\/a>.<\/li>\n<\/ul>\n<p><em><strong>les luthiers around the world<\/strong><\/em><\/p>\n<p><a href=\"http:\/\/www.taoguitars.com\/\">tao guitars,<\/a> un de mes r\u00e9cents coup de c\u0153ur. une originalit\u00e9 dot\u00e9 d&rsquo;un soucis du d\u00e9tail \u00e9patant. il rentre direct dans ma liste de mes luthiers pr\u00e9f\u00e9r\u00e9<\/p>\n<p><em><strong>les fournisseurs de matos de lutherie<\/strong><\/em><\/p>\n<p><a href=\"http:\/\/www.luthimate.fr\/\">luthimate. <\/a>le fournisseurs de matos de lutherie. un site d\u00e9j\u00e0 bien fourni mais il ne faut pas h\u00e9siter a t\u00e9l\u00e9phoner si vous ne trouvez pas votre bonheur.<\/p>\n<p><em><strong>Les vid\u00e9os<br \/>\n<\/strong><\/em><\/p>\n<p><a href=\"https:\/\/www.youtube.com\/user\/crimsoncustomguitars\">crimson guitars.<\/a> un super luthier, tr\u00e8s productif, niveau vid\u00e9o. super int\u00e9ressant mais anglophone<\/p>\n<p>&nbsp;<\/p>\n","protected":false},"excerpt":{"rendered":"<p>sur cette page, je vais essayer de mettre pas mal de liens sur le sujet qui nous int\u00e9resse. les forums,&hellip;<\/p>\n","protected":false},"author":1,"featured_media":0,"parent":0,"menu_order":0,"comment_status":"closed","ping_status":"closed","template":"","meta":{"footnotes":""},"class_list":["post-213","page","type-page","status-publish","hentry"],"aioseo_notices":[],"post_mailing_queue_ids":[],"_links":{"self":[{"href":"https:\/\/www.monvel.fr\/blog\/wp-json\/wp\/v2\/pages\/213","targetHints":{"allow":["GET"]}}],"collection":[{"href":"https:\/\/www.monvel.fr\/blog\/wp-json\/wp\/v2\/pages"}],"about":[{"href":"https:\/\/www.monvel.fr\/blog\/wp-json\/wp\/v2\/types\/page"}],"author":[{"embeddable":true,"href":"https:\/\/www.monvel.fr\/blog\/wp-json\/wp\/v2\/users\/1"}],"replies":[{"embeddable":true,"href":"https:\/\/www.monvel.fr\/blog\/wp-json\/wp\/v2\/comments?post=213"}],"version-history":[{"count":3,"href":"https:\/\/www.monvel.fr\/blog\/wp-json\/wp\/v2\/pages\/213\/revisions"}],"predecessor-version":[{"id":416,"href":"https:\/\/www.monvel.fr\/blog\/wp-json\/wp\/v2\/pages\/213\/revisions\/416"}],"wp:attachment":[{"href":"https:\/\/www.monvel.fr\/blog\/wp-json\/wp\/v2\/media?parent=213"}],"curies":[{"name":"wp","href":"https:\/\/api.w.org\/{rel}","templated":true}]}}